{"id":19597,"date":"2023-09-27T18:55:10","date_gmt":"2023-09-27T17:55:10","guid":{"rendered":"https:\/\/carambolacalpe.es\/?page_id=19597"},"modified":"2023-09-27T19:00:31","modified_gmt":"2023-09-27T18:00:31","slug":"politica-de-privacidad","status":"publish","type":"page","link":"https:\/\/carambolacalpe.es\/nl\/politica-de-privacidad\/","title":{"rendered":"Pol\u00edtica de Privacidad"},"content":{"rendered":"<h1>Privacybeleid<\/h1>\n<h2>Over ons<\/h2>\n<p><strong>Plaats<\/strong>: Carrer la Santamar\u00eda, 3, 03710 Calp<br \/>\n<strong>Telefoon<\/strong>: 966 04 39 49<\/p>\n<p><strong>Ons webadres is<\/strong>: https:\/\/carambolacalpe.es.<\/p>\n<h2>Opmerkingen<\/h2>\n<p>Wanneer bezoekers reacties achterlaten op de site, verzamelen we de gegevens die worden weergegeven in het reactieformulier, en ook het IP-adres van de bezoeker en de browser user agent-string om spamdetectie te helpen.<\/p>\n<h2>Multimediaal<\/h2>\n<p>Als u afbeeldingen naar de website uploadt, vermijd dan het uploaden van afbeeldingen met ingesloten locatiegegevens (EXIF GPS). Bezoekers van de website kunnen eventuele locatiegegevens downloaden en extraheren uit afbeeldingen op de website.<\/p>\n<h2>koekjes<\/h2>\n<p>Als u een reactie achterlaat op onze site, kunt u ervoor kiezen om uw naam, e-mailadres en website in cookies op te slaan. Deze zijn voor uw gemak, zodat u uw gegevens niet opnieuw hoeft in te vullen als u weer een reactie achterlaat. Deze cookies gaan een jaar mee.<\/p>\n<p>Als u onze inlogpagina bezoekt, plaatsen wij een tijdelijke cookie om te bepalen of uw browser cookies accepteert. Deze cookie bevat geen persoonlijke gegevens en wordt verwijderd zodra u uw browser sluit.<\/p>\n<p>Wanneer u inlogt, zullen we ook verschillende cookies instellen om uw inloggegevens en uw schermweergavekeuzes op te slaan. Login-cookies duren twee dagen en cookies voor schermopties een jaar. Als u &#039;Onthoud mij&#039; selecteert, blijft uw login twee weken behouden. Als u uitlogt bij uw account, worden uw login-cookies verwijderd.<\/p>\n<p>Als u een artikel bewerkt of publiceert, wordt er een extra cookie in uw browser opgeslagen. Deze cookie bevat geen persoonlijke gegevens en geeft eenvoudigweg de post-ID aan van het artikel dat u zojuist hebt bewerkt. Verloopt na 1 dag.<\/p>\n<h2>Ingesloten inhoud van andere websites<\/h2>\n<p>Artikelen op deze site kunnen ingesloten inhoud bevatten (bijvoorbeeld video&#039;s, afbeeldingen, artikelen, enz.). Ingesloten inhoud van andere websites gedraagt zich op dezelfde manier alsof de bezoeker de andere website heeft bezocht.<\/p>\n<p>Deze websites kunnen gegevens over u verzamelen, cookies gebruiken, aanvullende tracking van derden insluiten en uw interactie met die ingesloten inhoud monitoren, inclusief het volgen van uw interactie met de ingesloten inhoud als u een account heeft en bent ingelogd op die website.<\/p>\n<h2>Met wie wij uw gegevens delen<\/h2>\n<p>Als u een wachtwoordreset aanvraagt, wordt uw IP-adres opgenomen in de reset-e-mail.<\/p>\n<h2>Hoe lang wij uw gegevens bewaren<\/h2>\n<p>Als u een reactie achterlaat, worden de reactie en de metagegevens ervan voor onbepaalde tijd bewaard. Dit is zodat we vervolgreacties automatisch kunnen herkennen en goedkeuren in plaats van ze in de moderatiewachtrij te houden.<\/p>\n<p>Voor gebruikers die zich registreren op onze website (indien van toepassing), slaan we ook de persoonlijke informatie op die zij verstrekken in hun gebruikersprofiel. Alle gebruikers kunnen hun persoonlijke gegevens op elk moment bekijken, bewerken of verwijderen (behalve dat ze hun gebruikersnaam niet kunnen wijzigen). Websitebeheerders kunnen die informatie ook bekijken en bewerken.<\/p>\n<h2>Uw rechten over uw gegevens<\/h2>\n<p>Als u een account op deze site heeft of reacties heeft achtergelaten, kunt u verzoeken om een exportbestand van de persoonlijke gegevens die we over u bewaren, inclusief alle gegevens die u ons heeft verstrekt. U kunt ook verzoeken dat wij alle persoonlijke gegevens die wij over u bewaren, verwijderen. Hieronder vallen geen gegevens die wij om administratieve, wettelijke of veiligheidsredenen verplicht moeten bewaren.<\/p>\n<h2>Waar uw gegevens naartoe worden verzonden<\/h2>\n<p>Bezoekersreacties kunnen worden gecontroleerd via een geautomatiseerde spamdetectieservice.<\/p>","protected":false},"excerpt":{"rendered":"<p>Pol\u00edtica de Privacidad\u200b Qui\u00e9nes somos Ubicaci\u00f3n: Carrer la Santamar\u00eda, 3, 03710 Calp Tel\u00e9fono: 966 04 39 49 Nuestra direcci\u00f3n web es: https:\/\/carambolacalpe.es. Comentarios Cuando los visitantes dejan comentarios en el&hellip;<\/p>","protected":false},"author":2,"featured_media":0,"parent":0,"menu_order":0,"comment_status":"closed","ping_status":"closed","template":"","meta":{"footnotes":""},"class_list":["post-19597","page","type-page","status-publish","hentry"],"_links":{"self":[{"href":"https:\/\/carambolacalpe.es\/nl\/wp-json\/wp\/v2\/pages\/19597","targetHints":{"allow":["GET"]}}],"collection":[{"href":"https:\/\/carambolacalpe.es\/nl\/wp-json\/wp\/v2\/pages"}],"about":[{"href":"https:\/\/carambolacalpe.es\/nl\/wp-json\/wp\/v2\/types\/page"}],"author":[{"embeddable":true,"href":"https:\/\/carambolacalpe.es\/nl\/wp-json\/wp\/v2\/users\/2"}],"replies":[{"embeddable":true,"href":"https:\/\/carambolacalpe.es\/nl\/wp-json\/wp\/v2\/comments?post=19597"}],"version-history":[{"count":5,"href":"https:\/\/carambolacalpe.es\/nl\/wp-json\/wp\/v2\/pages\/19597\/revisions"}],"predecessor-version":[{"id":19607,"href":"https:\/\/carambolacalpe.es\/nl\/wp-json\/wp\/v2\/pages\/19597\/revisions\/19607"}],"wp:attachment":[{"href":"https:\/\/carambolacalpe.es\/nl\/wp-json\/wp\/v2\/media?parent=19597"}],"curies":[{"name":"wp","href":"https:\/\/api.w.org\/{rel}","templated":true}]}}