{"id":19597,"date":"2023-09-27T18:55:10","date_gmt":"2023-09-27T17:55:10","guid":{"rendered":"https:\/\/carambolacalpe.es\/?page_id=19597"},"modified":"2023-09-27T19:00:31","modified_gmt":"2023-09-27T18:00:31","slug":"politica-de-privacidad","status":"publish","type":"page","link":"https:\/\/carambolacalpe.es\/fr\/politica-de-privacidad\/","title":{"rendered":"Pol\u00edtica de Privacidad"},"content":{"rendered":"<h1>politique de confidentialit\u00e9<\/h1>\n<h2>Qui sommes nous<\/h2>\n<p><strong>Emplacement<\/strong>: Carrer la Santamar\u00eda, 3, 03710 Calp<br \/>\n<strong>T\u00e9l\u00e9phone<\/strong>: 966 04 39 49<\/p>\n<p><strong>Notre adresse Internet est<\/strong>: https:\/\/carambolacalpe.es.<\/p>\n<h2>commentaires<\/h2>\n<p>Lorsque les visiteurs laissent des commentaires sur le site, nous collectons les donn\u00e9es affich\u00e9es dans le formulaire de commentaires, ainsi que l&#039;adresse IP du visiteur et la cha\u00eene de l&#039;agent utilisateur du navigateur pour faciliter la d\u00e9tection du spam.<\/p>\n<h2>Multim\u00e9dia<\/h2>\n<p>Si vous t\u00e9l\u00e9chargez des images sur le site Web, vous devez \u00e9viter de t\u00e9l\u00e9charger des images contenant des donn\u00e9es de localisation int\u00e9gr\u00e9es (EXIF GPS). Les visiteurs du site Web peuvent t\u00e9l\u00e9charger et extraire toutes les donn\u00e9es de localisation des images du site Web.<\/p>\n<h2>biscuits<\/h2>\n<p>Si vous laissez un commentaire sur notre site, vous pouvez choisir d&#039;enregistrer votre nom, votre adresse email et votre site internet dans des cookies. Ces informations sont destin\u00e9es \u00e0 votre commodit\u00e9 afin que vous n&#039;ayez pas \u00e0 remplir \u00e0 nouveau vos coordonn\u00e9es lorsque vous laissez un autre commentaire. Ces cookies dureront un an.<\/p>\n<p>Si vous visitez notre page de connexion, nous d\u00e9finirons un cookie temporaire pour d\u00e9terminer si votre navigateur accepte les cookies. Ce cookie ne contient aucune donn\u00e9e personnelle et est supprim\u00e9 lorsque vous fermez votre navigateur.<\/p>\n<p>Lorsque vous vous connectez, nous d\u00e9finirons \u00e9galement plusieurs cookies pour enregistrer vos informations de connexion et vos choix d&#039;affichage \u00e0 l&#039;\u00e9cran. Les cookies de connexion durent deux jours et les cookies d\u2019options d\u2019\u00e9cran durent un an. Si vous s\u00e9lectionnez \u00ab Se souvenir de moi \u00bb, votre connexion persistera pendant deux semaines. Si vous vous d\u00e9connectez de votre compte, vos cookies de connexion seront supprim\u00e9s.<\/p>\n<p>Si vous modifiez ou publiez un article, un cookie suppl\u00e9mentaire sera enregistr\u00e9 dans votre navigateur. Ce cookie n&#039;inclut pas de donn\u00e9es personnelles et indique simplement l&#039;identifiant de la publication de l&#039;article que vous venez de modifier. Expire apr\u00e8s 1 jour.<\/p>\n<h2>Contenu int\u00e9gr\u00e9 provenant d&#039;autres sites Web<\/h2>\n<p>Les articles de ce site peuvent inclure du contenu int\u00e9gr\u00e9 (par exemple des vid\u00e9os, des images, des articles, etc.). Le contenu int\u00e9gr\u00e9 d&#039;autres sites Web se comporte de la m\u00eame mani\u00e8re que si le visiteur avait visit\u00e9 l&#039;autre site Web.<\/p>\n<p>Ces sites Web peuvent collecter des donn\u00e9es sur vous, utiliser des cookies, int\u00e9grer un suivi tiers suppl\u00e9mentaire et surveiller votre interaction avec ce contenu int\u00e9gr\u00e9, y compris le suivi de votre interaction avec le contenu int\u00e9gr\u00e9 si vous disposez d&#039;un compte et \u00eates connect\u00e9 \u00e0 ce site Web.<\/p>\n<h2>Avec qui partageons-nous vos donn\u00e9es<\/h2>\n<p>Si vous demandez une r\u00e9initialisation de mot de passe, votre adresse IP sera incluse dans l&#039;e-mail de r\u00e9initialisation.<\/p>\n<h2>Combien de temps conservons-nous vos donn\u00e9es<\/h2>\n<p>Si vous laissez un commentaire, le commentaire et ses m\u00e9tadonn\u00e9es sont conserv\u00e9s ind\u00e9finiment. Cela nous permet de reconna\u00eetre et d&#039;approuver automatiquement tous les commentaires suivants au lieu de les conserver dans une file d&#039;attente de mod\u00e9ration.<\/p>\n<p>Pour les utilisateurs qui s&#039;inscrivent sur notre site Web (le cas \u00e9ch\u00e9ant), nous stockons \u00e9galement les informations personnelles qu&#039;ils fournissent dans leur profil d&#039;utilisateur. Tous les utilisateurs peuvent consulter, modifier ou supprimer leurs informations personnelles \u00e0 tout moment (sauf s&#039;ils ne peuvent pas modifier leur nom d&#039;utilisateur). Les administrateurs de sites Web peuvent \u00e9galement afficher et modifier ces informations.<\/p>\n<h2>Vos droits sur vos donn\u00e9es<\/h2>\n<p>Si vous avez un compte sur ce site ou si vous avez laiss\u00e9 des commentaires, vous pouvez demander \u00e0 recevoir un fichier export\u00e9 des donn\u00e9es personnelles que nous d\u00e9tenons \u00e0 votre sujet, y compris toutes les donn\u00e9es que vous nous avez fournies. Vous pouvez \u00e9galement demander que nous supprimions toutes les donn\u00e9es personnelles que nous d\u00e9tenons \u00e0 votre sujet. Cela n&#039;inclut pas les donn\u00e9es que nous sommes oblig\u00e9s de conserver pour des raisons administratives, juridiques ou de s\u00e9curit\u00e9.<\/p>\n<h2>O\u00f9 vos donn\u00e9es sont envoy\u00e9es<\/h2>\n<p>Les commentaires des visiteurs peuvent \u00eatre v\u00e9rifi\u00e9s via un service automatis\u00e9 de d\u00e9tection de spam.<\/p>","protected":false},"excerpt":{"rendered":"<p>Pol\u00edtica de Privacidad\u200b Qui\u00e9nes somos Ubicaci\u00f3n: Carrer la Santamar\u00eda, 3, 03710 Calp Tel\u00e9fono: 966 04 39 49 Nuestra direcci\u00f3n web es: https:\/\/carambolacalpe.es. Comentarios Cuando los visitantes dejan comentarios en el&hellip;<\/p>","protected":false},"author":2,"featured_media":0,"parent":0,"menu_order":0,"comment_status":"closed","ping_status":"closed","template":"","meta":{"footnotes":""},"class_list":["post-19597","page","type-page","status-publish","hentry"],"_links":{"self":[{"href":"https:\/\/carambolacalpe.es\/fr\/wp-json\/wp\/v2\/pages\/19597","targetHints":{"allow":["GET"]}}],"collection":[{"href":"https:\/\/carambolacalpe.es\/fr\/wp-json\/wp\/v2\/pages"}],"about":[{"href":"https:\/\/carambolacalpe.es\/fr\/wp-json\/wp\/v2\/types\/page"}],"author":[{"embeddable":true,"href":"https:\/\/carambolacalpe.es\/fr\/wp-json\/wp\/v2\/users\/2"}],"replies":[{"embeddable":true,"href":"https:\/\/carambolacalpe.es\/fr\/wp-json\/wp\/v2\/comments?post=19597"}],"version-history":[{"count":5,"href":"https:\/\/carambolacalpe.es\/fr\/wp-json\/wp\/v2\/pages\/19597\/revisions"}],"predecessor-version":[{"id":19607,"href":"https:\/\/carambolacalpe.es\/fr\/wp-json\/wp\/v2\/pages\/19597\/revisions\/19607"}],"wp:attachment":[{"href":"https:\/\/carambolacalpe.es\/fr\/wp-json\/wp\/v2\/media?parent=19597"}],"curies":[{"name":"wp","href":"https:\/\/api.w.org\/{rel}","templated":true}]}}